{"id":91,"date":"2025-01-17T18:42:14","date_gmt":"2025-01-17T17:42:14","guid":{"rendered":"https:\/\/szolgaltatasok.imolaplatan.hu\/?page_id=91"},"modified":"2025-01-23T13:24:54","modified_gmt":"2025-01-23T12:24:54","slug":"szobamappa","status":"publish","type":"page","link":"https:\/\/szolgaltatasok.imolaplatan.hu\/en\/","title":{"rendered":"Useful information"},"content":{"rendered":"<div data-elementor-type=\"wp-page\" data-elementor-id=\"91\" class=\"elementor elementor-91\" data-elementor-post-type=\"page\">\n\t\t\t\t<div class=\"elementor-element elementor-element-19630565 e-con-full e-flex e-con e-parent\" data-id=\"19630565\" data-element_type=\"container\" data-settings=\"{&quot;background_background&quot;:&quot;classic&quot;,&quot;sticky&quot;:&quot;top&quot;,&quot;sticky_on&quot;:[&quot;desktop&quot;,&quot;tablet&quot;,&quot;mobile&quot;],&quot;sticky_offset&quot;:0,&quot;sticky_effects_offset&quot;:0,&quot;sticky_anchor_link_offset&quot;:0}\">\n\t\t\t\t<\/div>\n\t\t<div class=\"elementor-element elementor-element-5b79cd13 e-con-full e-flex e-con e-parent\" data-id=\"5b79cd13\" data-element_type=\"container\" data-settings=\"{&quot;background_background&quot;:&quot;classic&quot;}\">\n\t\t\t\t<div class=\"elementor-element elementor-element-10a4dab elementor-widget elementor-widget-heading\" data-id=\"10a4dab\" data-element_type=\"widget\" data-widget_type=\"heading.default\">\n\t\t\t\t<div class=\"elementor-widget-container\">\n\t\t\t\t\t<h2 class=\"elementor-heading-title elementor-size-default\">Useful Information<\/h2>\t\t\t\t<\/div>\n\t\t\t\t<\/div>\n\t\t\t\t<div class=\"elementor-element elementor-element-69e571b6 elementor-widget__width-initial elementor-widget elementor-widget-text-editor\" data-id=\"69e571b6\" data-element_type=\"widget\" data-widget_type=\"text-editor.default\">\n\t\t\t\t<div class=\"elementor-widget-container\">\n\t\t\t\t\t\t\t\t\t<p>Our goal is to provide all our guests with the highest level of comfort and experience during everyday life. It is important to us that we offer a wide range of premium services in our hotel, and that the time you spend with us should be truly relaxing and unforgettable.<br \/>Whatever our guests' needs - a relaxing wellness experience, a mouth-watering gastronomic adventure, or even the perfect location for a business event - every detail of our hotel and services serves our guests' maximum satisfaction. <br \/>In the menu items below, we have summarized the services of our hotel by department. By opening the menu items, you can find out about the services and contact information of the given hotel department.<\/p>\t\t\t\t\t\t\t\t<\/div>\n\t\t\t\t<\/div>\n\t\t\t\t<\/div>\n\t\t<div class=\"elementor-element elementor-element-3e0e8ab e-con-full animated-slow e-flex elementor-invisible e-con e-parent\" data-id=\"3e0e8ab\" data-element_type=\"container\" data-settings=\"{&quot;background_background&quot;:&quot;classic&quot;,&quot;animation&quot;:&quot;fadeIn&quot;,&quot;animation_delay&quot;:200}\">\n\t\t<div class=\"elementor-element elementor-element-7d7b5160 e-con-full e-flex e-con e-child\" data-id=\"7d7b5160\" data-element_type=\"container\" data-settings=\"{&quot;background_background&quot;:&quot;classic&quot;,&quot;motion_fx_motion_fx_scrolling&quot;:&quot;yes&quot;,&quot;motion_fx_devices&quot;:[&quot;desktop&quot;,&quot;tablet&quot;,&quot;mobile&quot;]}\">\n\t\t\t\t<\/div>\n\t\t<div class=\"elementor-element elementor-element-7cdbd03c e-con-full e-flex e-con e-child\" data-id=\"7cdbd03c\" data-element_type=\"container\" data-settings=\"{&quot;background_background&quot;:&quot;classic&quot;}\">\n\t\t\t\t<div class=\"elementor-element elementor-element-756e1794 elementor-widget elementor-widget-heading\" data-id=\"756e1794\" data-element_type=\"widget\" data-widget_type=\"heading.default\">\n\t\t\t\t<div class=\"elementor-widget-container\">\n\t\t\t\t\t<h2 class=\"elementor-heading-title elementor-size-default\">Hotel services from A-Z:<\/h2>\t\t\t\t<\/div>\n\t\t\t\t<\/div>\n\t\t\t\t<div class=\"elementor-element elementor-element-17c446af elementor-widget elementor-widget-text-editor\" data-id=\"17c446af\" data-element_type=\"widget\" data-widget_type=\"text-editor.default\">\n\t\t\t\t<div class=\"elementor-widget-container\">\n\t\t\t\t\t\t\t\t\t<p>Under this menu item, you can get to know our hotel's services based on our list compiled in ABC order.<\/p>\t\t\t\t\t\t\t\t<\/div>\n\t\t\t\t<\/div>\n\t\t\t\t<div class=\"elementor-element elementor-element-108b7270 elementor-widget-mobile__width-initial elementor-widget elementor-widget-button\" data-id=\"108b7270\" data-element_type=\"widget\" data-widget_type=\"button.default\">\n\t\t\t\t<div class=\"elementor-widget-container\">\n\t\t\t\t\t\t\t\t\t<div class=\"elementor-button-wrapper\">\n\t\t\t\t\t<a class=\"elementor-button elementor-button-link elementor-size-sm\" href=\"https:\/\/szolgaltatasok.imolaplatan.hu\/en\/szobamappa-01-szolgaltatasok-a-z-ig\/\">\n\t\t\t\t\t\t<span class=\"elementor-button-content-wrapper\">\n\t\t\t\t\t\t\t\t\t<span class=\"elementor-button-text\">MORE<\/span>\n\t\t\t\t\t<\/span>\n\t\t\t\t\t<\/a>\n\t\t\t\t<\/div>\n\t\t\t\t\t\t\t\t<\/div>\n\t\t\t\t<\/div>\n\t\t\t\t<\/div>\n\t\t\t\t<\/div>\n\t\t<div class=\"elementor-element elementor-element-73c8555c e-con-full animated-slow e-flex elementor-invisible e-con e-parent\" data-id=\"73c8555c\" data-element_type=\"container\" data-settings=\"{&quot;animation&quot;:&quot;fadeIn&quot;,&quot;animation_delay&quot;:200}\">\n\t\t<div class=\"elementor-element elementor-element-57a73c5a e-con-full e-flex e-con e-child\" data-id=\"57a73c5a\" data-element_type=\"container\" data-settings=\"{&quot;background_background&quot;:&quot;classic&quot;}\">\n\t\t\t\t<div class=\"elementor-element elementor-element-484b2582 animated-slow elementor-widget-mobile__width-initial elementor-widget elementor-widget-heading\" data-id=\"484b2582\" data-element_type=\"widget\" data-settings=\"{&quot;_animation&quot;:&quot;none&quot;,&quot;_animation_delay&quot;:1300}\" data-widget_type=\"heading.default\">\n\t\t\t\t<div class=\"elementor-widget-container\">\n\t\t\t\t\t<h2 class=\"elementor-heading-title elementor-size-default\">Restaurant \/ Menu \/ Room service<\/h2>\t\t\t\t<\/div>\n\t\t\t\t<\/div>\n\t\t\t\t<div class=\"elementor-element elementor-element-bf2d18f elementor-widget elementor-widget-text-editor\" data-id=\"bf2d18f\" data-element_type=\"widget\" data-widget_type=\"text-editor.default\">\n\t\t\t\t<div class=\"elementor-widget-container\">\n\t\t\t\t\t\t\t\t\t<p>Immerse yourself in the offer of our BOR\u00c1G restaurant, where the seasonal and permanent dishes on the menu offer the perfect harmony of traditional and modern cuisine, while our premium drink selection makes meals with friends and family members memorable. Taste the fine dining experience and choose from our carefully prepared menu to your liking, even with room service in the comfort of your room.<\/p>\t\t\t\t\t\t\t\t<\/div>\n\t\t\t\t<\/div>\n\t\t\t\t<div class=\"elementor-element elementor-element-480630b1 elementor-widget elementor-widget-button\" data-id=\"480630b1\" data-element_type=\"widget\" data-widget_type=\"button.default\">\n\t\t\t\t<div class=\"elementor-widget-container\">\n\t\t\t\t\t\t\t\t\t<div class=\"elementor-button-wrapper\">\n\t\t\t\t\t<a class=\"elementor-button elementor-button-link elementor-size-sm\" href=\"https:\/\/szolgaltatasok.imolaplatan.hu\/en\/szobamappa-02-etterem\/\">\n\t\t\t\t\t\t<span class=\"elementor-button-content-wrapper\">\n\t\t\t\t\t\t\t\t\t<span class=\"elementor-button-text\">MORE<\/span>\n\t\t\t\t\t<\/span>\n\t\t\t\t\t<\/a>\n\t\t\t\t<\/div>\n\t\t\t\t\t\t\t\t<\/div>\n\t\t\t\t<\/div>\n\t\t\t\t<\/div>\n\t\t<div class=\"elementor-element elementor-element-31bb22d5 e-con-full e-flex e-con e-child\" data-id=\"31bb22d5\" data-element_type=\"container\" data-settings=\"{&quot;background_background&quot;:&quot;classic&quot;}\">\n\t\t\t\t<\/div>\n\t\t\t\t<\/div>\n\t\t<div class=\"elementor-element elementor-element-1b2d99b4 e-con-full animated-slow e-flex elementor-invisible e-con e-parent\" data-id=\"1b2d99b4\" data-element_type=\"container\" data-settings=\"{&quot;background_background&quot;:&quot;classic&quot;,&quot;animation&quot;:&quot;fadeIn&quot;,&quot;animation_delay&quot;:200}\">\n\t\t<div class=\"elementor-element elementor-element-2d8a4835 e-con-full e-flex e-con e-child\" data-id=\"2d8a4835\" data-element_type=\"container\" data-settings=\"{&quot;background_background&quot;:&quot;classic&quot;}\">\n\t\t\t\t<\/div>\n\t\t<div class=\"elementor-element elementor-element-680f0794 e-con-full e-flex e-con e-child\" data-id=\"680f0794\" data-element_type=\"container\" data-settings=\"{&quot;background_background&quot;:&quot;classic&quot;}\">\n\t\t\t\t<div class=\"elementor-element elementor-element-28ce5e50 elementor-widget elementor-widget-heading\" data-id=\"28ce5e50\" data-element_type=\"widget\" data-widget_type=\"heading.default\">\n\t\t\t\t<div class=\"elementor-widget-container\">\n\t\t\t\t\t<h2 class=\"elementor-heading-title elementor-size-default\">Wellness menu \/ SPA \/ Treatments <\/h2>\t\t\t\t<\/div>\n\t\t\t\t<\/div>\n\t\t\t\t<div class=\"elementor-element elementor-element-51864a84 elementor-widget elementor-widget-text-editor\" data-id=\"51864a84\" data-element_type=\"widget\" data-widget_type=\"text-editor.default\">\n\t\t\t\t<div class=\"elementor-widget-container\">\n\t\t\t\t\t\t\t\t\t<p>The adult-friendly wellness and SPA department of our hotel provides a unique environment where calmness and refreshment meet premium services. The variety of pools, our discreet sauna world, our carefully designed relaxation areas, our professional treatments and the invigorating relaxation options ensure that every visit is an unforgettable experience.<\/p>\t\t\t\t\t\t\t\t<\/div>\n\t\t\t\t<\/div>\n\t\t\t\t<div class=\"elementor-element elementor-element-1757cd2 elementor-widget elementor-widget-button\" data-id=\"1757cd2\" data-element_type=\"widget\" data-widget_type=\"button.default\">\n\t\t\t\t<div class=\"elementor-widget-container\">\n\t\t\t\t\t\t\t\t\t<div class=\"elementor-button-wrapper\">\n\t\t\t\t\t<a class=\"elementor-button elementor-button-link elementor-size-sm\" href=\"https:\/\/szolgaltatasok.imolaplatan.hu\/en\/szobamappa-03-wellness\/\">\n\t\t\t\t\t\t<span class=\"elementor-button-content-wrapper\">\n\t\t\t\t\t\t\t\t\t<span class=\"elementor-button-text\">MORE<\/span>\n\t\t\t\t\t<\/span>\n\t\t\t\t\t<\/a>\n\t\t\t\t<\/div>\n\t\t\t\t\t\t\t\t<\/div>\n\t\t\t\t<\/div>\n\t\t\t\t<\/div>\n\t\t\t\t<\/div>\n\t\t<div class=\"elementor-element elementor-element-6afb1f65 e-con-full animated-slow e-flex elementor-invisible e-con e-parent\" data-id=\"6afb1f65\" data-element_type=\"container\" data-settings=\"{&quot;animation&quot;:&quot;fadeIn&quot;,&quot;animation_delay&quot;:500}\">\n\t\t<div class=\"elementor-element elementor-element-69ef9809 e-con-full e-flex e-con e-child\" data-id=\"69ef9809\" data-element_type=\"container\" data-settings=\"{&quot;background_background&quot;:&quot;classic&quot;}\">\n\t\t\t\t<div class=\"elementor-element elementor-element-151b3e6b elementor-widget elementor-widget-heading\" data-id=\"151b3e6b\" data-element_type=\"widget\" data-widget_type=\"heading.default\">\n\t\t\t\t<div class=\"elementor-widget-container\">\n\t\t\t\t\t<h2 class=\"elementor-heading-title elementor-size-default\">Experiences \/ Programs<\/h2>\t\t\t\t<\/div>\n\t\t\t\t<\/div>\n\t\t\t\t<div class=\"elementor-element elementor-element-7a3c412d elementor-widget elementor-widget-text-editor\" data-id=\"7a3c412d\" data-element_type=\"widget\" data-widget_type=\"text-editor.default\">\n\t\t\t\t<div class=\"elementor-widget-container\">\n\t\t\t\t\t\t\t\t\t<p>We offer our guests personalized experiences that make their vacation even more special. Breakfast served in your room, a private dinner on the terrace, or even a romantic evening drink at the bar: our range of exclusive services is inexhaustible. We make your relaxation experience unforgettable with personalized wine tours, cellar visits, wine tastings, or even a refreshing sauna ceremony.<\/p>\t\t\t\t\t\t\t\t<\/div>\n\t\t\t\t<\/div>\n\t\t\t\t<div class=\"elementor-element elementor-element-55cd97fe elementor-widget elementor-widget-button\" data-id=\"55cd97fe\" data-element_type=\"widget\" data-widget_type=\"button.default\">\n\t\t\t\t<div class=\"elementor-widget-container\">\n\t\t\t\t\t\t\t\t\t<div class=\"elementor-button-wrapper\">\n\t\t\t\t\t<a class=\"elementor-button elementor-button-link elementor-size-sm\" href=\"https:\/\/szolgaltatasok.imolaplatan.hu\/en\/szobamappa-04-elmenyek-programok\/\">\n\t\t\t\t\t\t<span class=\"elementor-button-content-wrapper\">\n\t\t\t\t\t\t\t\t\t<span class=\"elementor-button-text\">MORE<\/span>\n\t\t\t\t\t<\/span>\n\t\t\t\t\t<\/a>\n\t\t\t\t<\/div>\n\t\t\t\t\t\t\t\t<\/div>\n\t\t\t\t<\/div>\n\t\t\t\t<\/div>\n\t\t<div class=\"elementor-element elementor-element-71fdd3cf e-con-full e-flex e-con e-child\" data-id=\"71fdd3cf\" data-element_type=\"container\" data-settings=\"{&quot;background_background&quot;:&quot;classic&quot;}\">\n\t\t\t\t<\/div>\n\t\t\t\t<\/div>\n\t\t<div class=\"elementor-element elementor-element-cff4305 e-con-full animated-slow e-flex elementor-invisible e-con e-parent\" data-id=\"cff4305\" data-element_type=\"container\" data-settings=\"{&quot;background_background&quot;:&quot;classic&quot;,&quot;animation&quot;:&quot;fadeIn&quot;,&quot;animation_delay&quot;:200}\">\n\t\t<div class=\"elementor-element elementor-element-37c13e2 e-con-full e-flex e-con e-child\" data-id=\"37c13e2\" data-element_type=\"container\" data-settings=\"{&quot;background_background&quot;:&quot;classic&quot;}\">\n\t\t\t\t<\/div>\n\t\t<div class=\"elementor-element elementor-element-70a03038 e-con-full e-flex e-con e-child\" data-id=\"70a03038\" data-element_type=\"container\" data-settings=\"{&quot;background_background&quot;:&quot;classic&quot;}\">\n\t\t\t\t<div class=\"elementor-element elementor-element-65dedc3a elementor-widget elementor-widget-heading\" data-id=\"65dedc3a\" data-element_type=\"widget\" data-widget_type=\"heading.default\">\n\t\t\t\t<div class=\"elementor-widget-container\">\n\t\t\t\t\t<h2 class=\"elementor-heading-title elementor-size-default\">Phone numbers of hotel departments \/ Television channel list<\/h2>\t\t\t\t<\/div>\n\t\t\t\t<\/div>\n\t\t\t\t<div class=\"elementor-element elementor-element-aed582 elementor-widget elementor-widget-text-editor\" data-id=\"aed582\" data-element_type=\"widget\" data-widget_type=\"text-editor.default\">\n\t\t\t\t<div class=\"elementor-widget-container\">\n\t\t\t\t\t\t\t\t\t<p>All our departments can be reached by using the room phone, so that we can help you immediately.<\/p>\t\t\t\t\t\t\t\t<\/div>\n\t\t\t\t<\/div>\n\t\t\t\t<div class=\"elementor-element elementor-element-149b39a9 elementor-widget elementor-widget-button\" data-id=\"149b39a9\" data-element_type=\"widget\" data-widget_type=\"button.default\">\n\t\t\t\t<div class=\"elementor-widget-container\">\n\t\t\t\t\t\t\t\t\t<div class=\"elementor-button-wrapper\">\n\t\t\t\t\t<a class=\"elementor-button elementor-button-link elementor-size-sm\" href=\"https:\/\/szolgaltatasok.imolaplatan.hu\/en\/szobamappa-05-telefonok\/\">\n\t\t\t\t\t\t<span class=\"elementor-button-content-wrapper\">\n\t\t\t\t\t\t\t\t\t<span class=\"elementor-button-text\">MORE<\/span>\n\t\t\t\t\t<\/span>\n\t\t\t\t\t<\/a>\n\t\t\t\t<\/div>\n\t\t\t\t\t\t\t\t<\/div>\n\t\t\t\t<\/div>\n\t\t\t\t<\/div>\n\t\t\t\t<\/div>\n\t\t<div class=\"elementor-element elementor-element-3ed54832 e-con-full animated-slow e-flex elementor-invisible e-con e-parent\" data-id=\"3ed54832\" data-element_type=\"container\" data-settings=\"{&quot;animation&quot;:&quot;fadeIn&quot;,&quot;animation_delay&quot;:200}\">\n\t\t<div class=\"elementor-element elementor-element-77e16618 e-con-full e-flex e-con e-child\" data-id=\"77e16618\" data-element_type=\"container\" data-settings=\"{&quot;background_background&quot;:&quot;classic&quot;}\">\n\t\t\t\t<div class=\"elementor-element elementor-element-5e71fa5 elementor-widget elementor-widget-heading\" data-id=\"5e71fa5\" data-element_type=\"widget\" data-widget_type=\"heading.default\">\n\t\t\t\t<div class=\"elementor-widget-container\">\n\t\t\t\t\t<h2 class=\"elementor-heading-title elementor-size-default\">General Terms and Conditions \/ HOUSE RULES<\/h2>\t\t\t\t<\/div>\n\t\t\t\t<\/div>\n\t\t\t\t<div class=\"elementor-element elementor-element-161a21bc elementor-widget elementor-widget-text-editor\" data-id=\"161a21bc\" data-element_type=\"widget\" data-widget_type=\"text-editor.default\">\n\t\t\t\t<div class=\"elementor-widget-container\">\n\t\t\t\t\t\t\t\t\t<p>By clicking on the next button you can read the General Terms and Conditions of our hotel as well as the House Rules.<\/p>\t\t\t\t\t\t\t\t<\/div>\n\t\t\t\t<\/div>\n\t\t\t\t<div class=\"elementor-element elementor-element-5f5680ee elementor-widget elementor-widget-button\" data-id=\"5f5680ee\" data-element_type=\"widget\" data-widget_type=\"button.default\">\n\t\t\t\t<div class=\"elementor-widget-container\">\n\t\t\t\t\t\t\t\t\t<div class=\"elementor-button-wrapper\">\n\t\t\t\t\t<a class=\"elementor-button elementor-button-link elementor-size-sm\" href=\"https:\/\/szolgaltatasok.imolaplatan.hu\/en\/szobamappa-06-hazirend\/\">\n\t\t\t\t\t\t<span class=\"elementor-button-content-wrapper\">\n\t\t\t\t\t\t\t\t\t<span class=\"elementor-button-text\">MORE<\/span>\n\t\t\t\t\t<\/span>\n\t\t\t\t\t<\/a>\n\t\t\t\t<\/div>\n\t\t\t\t\t\t\t\t<\/div>\n\t\t\t\t<\/div>\n\t\t\t\t<\/div>\n\t\t<div class=\"elementor-element elementor-element-8f54388 e-con-full e-flex e-con e-child\" data-id=\"8f54388\" data-element_type=\"container\" data-settings=\"{&quot;background_background&quot;:&quot;classic&quot;}\">\n\t\t\t\t<\/div>\n\t\t\t\t<\/div>\n\t\t\t\t<\/div>","protected":false},"excerpt":{"rendered":"<p>HASZNOS INFORM\u00c1CI\u00d3K C\u00e9lunk, hogy minden vend\u00e9g\u00fcnk sz\u00e1m\u00e1ra a legmagasabb szint\u0171 k\u00e9nyelmet \u00e9s \u00e9lm\u00e9nyt ny\u00fajtsuk a mindennapok sor\u00e1n. Fontos sz\u00e1munkra, hogy sz\u00e1llod\u00e1nkban a pr\u00e9miumszolg\u00e1ltat\u00e1sok sz\u00e9les v\u00e1laszt\u00e9k\u00e1t k\u00edn\u00e1ljuk, \u00e9s a n\u00e1lunk t\u00f6lt\u00f6tt id\u0151 val\u00f3ban pihentet\u0151 \u00e9s felejthetetlen legyen.B\u00e1rmi is legyen vend\u00e9geink ig\u00e9nye \u2013 pihentet\u0151 wellness \u00e9lm\u00e9ny, \u00ednycsikland\u00f3 gasztron\u00f3miai kaland, vagy ak\u00e1r egy \u00fczleti rendezv\u00e9ny t\u00f6k\u00e9letes helysz\u00edne \u2013, &#8230; <a title=\"Useful information\" class=\"read-more\" href=\"https:\/\/szolgaltatasok.imolaplatan.hu\/en\/\" aria-label=\"Read more about Szobamappa\">Read more<\/a><\/p>","protected":false},"author":2,"featured_media":0,"parent":0,"menu_order":0,"comment_status":"closed","ping_status":"closed","template":"","meta":{"footnotes":""},"class_list":["post-91","page","type-page","status-publish"],"_links":{"self":[{"href":"https:\/\/szolgaltatasok.imolaplatan.hu\/en\/wp-json\/wp\/v2\/pages\/91","targetHints":{"allow":["GET"]}}],"collection":[{"href":"https:\/\/szolgaltatasok.imolaplatan.hu\/en\/wp-json\/wp\/v2\/pages"}],"about":[{"href":"https:\/\/szolgaltatasok.imolaplatan.hu\/en\/wp-json\/wp\/v2\/types\/page"}],"author":[{"embeddable":true,"href":"https:\/\/szolgaltatasok.imolaplatan.hu\/en\/wp-json\/wp\/v2\/users\/2"}],"replies":[{"embeddable":true,"href":"https:\/\/szolgaltatasok.imolaplatan.hu\/en\/wp-json\/wp\/v2\/comments?post=91"}],"version-history":[{"count":0,"href":"https:\/\/szolgaltatasok.imolaplatan.hu\/en\/wp-json\/wp\/v2\/pages\/91\/revisions"}],"wp:attachment":[{"href":"https:\/\/szolgaltatasok.imolaplatan.hu\/en\/wp-json\/wp\/v2\/media?parent=91"}],"curies":[{"name":"wp","href":"https:\/\/api.w.org\/{rel}","templated":true}]}}