{"id":105,"date":"2025-01-17T18:48:29","date_gmt":"2025-01-17T17:48:29","guid":{"rendered":"https:\/\/szolgaltatasok.imolaplatan.hu\/?page_id=105"},"modified":"2025-11-03T12:54:06","modified_gmt":"2025-11-03T11:54:06","slug":"szobamappa-02-etterem","status":"publish","type":"page","link":"https:\/\/szolgaltatasok.imolaplatan.hu\/en\/szobamappa-02-etterem\/","title":{"rendered":"Szobamappa &#8211; 02 &#8211; \u00c9tterem"},"content":{"rendered":"<div data-elementor-type=\"wp-page\" data-elementor-id=\"105\" class=\"elementor elementor-105\" data-elementor-post-type=\"page\">\n\t\t\t\t<div class=\"elementor-element elementor-element-43b4b710 e-con-full e-flex e-con e-parent\" data-id=\"43b4b710\" data-element_type=\"container\" data-settings=\"{&quot;background_background&quot;:&quot;classic&quot;}\">\n\t\t\t\t<\/div>\n\t\t<div class=\"elementor-element elementor-element-d623a6a e-con-full e-flex e-con e-parent\" data-id=\"d623a6a\" data-element_type=\"container\" data-settings=\"{&quot;background_background&quot;:&quot;classic&quot;}\">\n\t\t\t\t<div class=\"elementor-element elementor-element-2ee6f7e7 elementor-widget elementor-widget-heading\" data-id=\"2ee6f7e7\" data-element_type=\"widget\" data-widget_type=\"heading.default\">\n\t\t\t\t<div class=\"elementor-widget-container\">\n\t\t\t\t\t<h2 class=\"elementor-heading-title elementor-size-default\">RESTAURANT<\/h2>\t\t\t\t<\/div>\n\t\t\t\t<\/div>\n\t\t\t\t<\/div>\n\t\t<div class=\"elementor-element elementor-element-1611474b e-con-full e-flex e-con e-parent\" data-id=\"1611474b\" data-element_type=\"container\">\n\t\t<div class=\"elementor-element elementor-element-e3cafd8 e-con-full e-flex e-con e-child\" data-id=\"e3cafd8\" data-element_type=\"container\" data-settings=\"{&quot;background_background&quot;:&quot;classic&quot;}\">\n\t\t\t\t<div class=\"elementor-element elementor-element-24f31d4a elementor-widget elementor-widget-text-editor\" data-id=\"24f31d4a\" data-element_type=\"widget\" data-widget_type=\"text-editor.default\">\n\t\t\t\t<div class=\"elementor-widget-container\">\n\t\t\t\t\t\t\t\t\t<p><span style=\"font-family: Cantarell;\"><b>Breakfast<\/b><\/span><\/p><p><span style=\"font-family: Cantarell;\">Every day from 7:00 to 10:00, we welcome our guests with a buffet breakfast in our hotel restaurant. Breakfast is complimentary for our hotel guests. External guests can join for a fee of 6,500 HUF per person with prior arrangement.<\/span><\/p><p><span style=\"font-family: Cantarell;\"><b>Lunch <\/b><\/span><\/p><p><span style=\"font-family: Cantarell;\">In our hotel's BOR\u00c1G restaurant, guests can choose from a selection of delicious dishes on our \u00e0 la carte menu. Our menu changes seasonally, with a strong focus on high-quality ingredients. Our dishes are prepared using modern cooking techniques, blending traditional Hungarian and international flavors.<\/span><\/p><p><span style=\"font-family: Cantarell;\">At lunchtime, external guests are also welcome in our hotel, for which advance registration is recommended.<\/span><\/p><p><span style=\"font-family: Cantarell;\">Lunch time: 12:00 \u2013 17:00<\/span><\/p><p><span style=\"font-family: Cantarell;\"><b>Dinner<\/b><\/span><\/p><p><span style=\"font-family: Cantarell;\">For dinner, we offer a daily menu, from which our guests can choose three courses as part of the half-board service. Each daily menu includes three kinds appetizers, three kinds main courses, and two kinds dessert. Dinner is served with plated service.<\/span><\/p><p><span style=\"font-family: Cantarell;\">Guests who have not booked half-board can also enjoy our chef\u2019s specialty dishes, but prior reservation is required.<\/span><\/p><p><span style=\"font-family: Cantarell;\">The 3-course gourmet dinner costs 15.000 Ft\/person.<\/span><\/p><p><span style=\"font-family: Cantarell;\"><span style=\"font-size: small;\"><i>A 12% service charge is applied to our prices.<\/i><\/span><\/span><\/p><p><span style=\"font-family: Cantarell;\">Dinner time: 18:00\u201321:00<\/span><\/p><p><span style=\"font-family: Cantarell;\"><b>Wines<\/b><\/span><\/p><p><span style=\"font-family: Cantarell;\">Our hotel is dedicated to showcasing Eger\u2019s wines. Our sommelier carefully selects wines from renowned wineries in the region, ensuring that every wine lover finds something to their taste. Wine enthusiasts can take part in wine tastings, and our attentive staff are happy to assist with food and wine pairings. <\/span><\/p><p><span style=\"font-family: Cantarell;\"><b>Room service:<\/b><\/span><\/p><p><span style=\"font-family: Cantarell;\">Our colleagues are available every day from 7:00 to 23:00. If you wish to have your breakfast, lunch, or dinner in your room, please call extension 885. The room service fee is 2,500 HUF.<\/span><\/p><p><span style=\"font-family: Cantarell;\"><a href=\"https:\/\/szolgaltatasok.imolaplatan.hu\/wp-content\/uploads\/2025\/06\/Borag_Itallap-2025.pdf\">DRINK MENU<\/a><br \/>(click on the link to view the drinks list)<br \/><\/span><\/p><p><span style=\"font-family: Cantarell;\"><a href=\"https:\/\/szolgaltatasok.imolaplatan.hu\/wp-content\/uploads\/2025\/11\/Borag_Etlap-2025_OSZ_148X297_EN_JAV_Optimized.pdf\">LUNCH MENU<\/a><br \/>(click on the link to see the menu)<br \/><\/span><\/p>\t\t\t\t\t\t\t\t<\/div>\n\t\t\t\t<\/div>\n\t\t\t\t<\/div>\n\t\t\t\t<\/div>\n\t\t\t\t<\/div>","protected":false},"excerpt":{"rendered":"<p>\u00c9TTEREM Reggeli Minden nap 7:00 \u2013 10:00 k\u00f6z\u00f6tt sz\u00e1llod\u00e1nk \u00e9tterm\u00e9ben b\u00fcf\u00e9asztalos reggelivel v\u00e1rjuk vend\u00e9geinket. A reggeli sz\u00e1ll\u00f3vend\u00e9geink sz\u00e1m\u00e1ra t\u00e9r\u00edt\u00e9smentes. K\u00fcls\u0151s vend\u00e9geink 6.500 Ft\/f\u0151 \u00e1r ellen\u00e9ben r\u00e9szt vehetnek rajta el\u0151zetes egyeztet\u00e9s alapj\u00e1n. Eb\u00e9d Sz\u00e1llod\u00e1nk BOR\u00c1G \u00e9tterm\u00e9ben a\u2019la carte \u00e9tlapr\u00f3l v\u00e1logathatnak az \u00ednycsiklandoz\u00f3 fog\u00e1sok k\u00f6z\u00fcl. Az \u00e9tlapunk szezon\u00e1lisan v\u00e1ltozik, nagy figyelmet fektetve a min\u0151s\u00e9gi alapanyagokra. \u00c9teleinket a &#8230; <a title=\"Szobamappa &#8211; 02 &#8211; \u00c9tterem\" class=\"read-more\" href=\"https:\/\/szolgaltatasok.imolaplatan.hu\/en\/szobamappa-02-etterem\/\" aria-label=\"Read more about Szobamappa &#8211; 02 &#8211; \u00c9tterem\">Read more<\/a><\/p>","protected":false},"author":2,"featured_media":0,"parent":0,"menu_order":0,"comment_status":"closed","ping_status":"closed","template":"","meta":{"footnotes":""},"class_list":["post-105","page","type-page","status-publish"],"_links":{"self":[{"href":"https:\/\/szolgaltatasok.imolaplatan.hu\/en\/wp-json\/wp\/v2\/pages\/105","targetHints":{"allow":["GET"]}}],"collection":[{"href":"https:\/\/szolgaltatasok.imolaplatan.hu\/en\/wp-json\/wp\/v2\/pages"}],"about":[{"href":"https:\/\/szolgaltatasok.imolaplatan.hu\/en\/wp-json\/wp\/v2\/types\/page"}],"author":[{"embeddable":true,"href":"https:\/\/szolgaltatasok.imolaplatan.hu\/en\/wp-json\/wp\/v2\/users\/2"}],"replies":[{"embeddable":true,"href":"https:\/\/szolgaltatasok.imolaplatan.hu\/en\/wp-json\/wp\/v2\/comments?post=105"}],"version-history":[{"count":0,"href":"https:\/\/szolgaltatasok.imolaplatan.hu\/en\/wp-json\/wp\/v2\/pages\/105\/revisions"}],"wp:attachment":[{"href":"https:\/\/szolgaltatasok.imolaplatan.hu\/en\/wp-json\/wp\/v2\/media?parent=105"}],"curies":[{"name":"wp","href":"https:\/\/api.w.org\/{rel}","templated":true}]}}