{"id":91,"date":"2025-01-17T18:42:14","date_gmt":"2025-01-17T17:42:14","guid":{"rendered":"https:\/\/szolgaltatasok.imolaplatan.hu\/?page_id=91"},"modified":"2025-01-23T13:24:54","modified_gmt":"2025-01-23T12:24:54","slug":"szobamappa","status":"publish","type":"page","link":"https:\/\/szolgaltatasok.imolaplatan.hu\/de\/","title":{"rendered":"Informationen"},"content":{"rendered":"<div data-elementor-type=\"wp-page\" data-elementor-id=\"91\" class=\"elementor elementor-91\" data-elementor-post-type=\"page\">\n\t\t\t\t<div class=\"elementor-element elementor-element-19630565 e-con-full e-flex e-con e-parent\" data-id=\"19630565\" data-element_type=\"container\" data-settings=\"{&quot;background_background&quot;:&quot;classic&quot;,&quot;sticky&quot;:&quot;top&quot;,&quot;sticky_on&quot;:[&quot;desktop&quot;,&quot;tablet&quot;,&quot;mobile&quot;],&quot;sticky_offset&quot;:0,&quot;sticky_effects_offset&quot;:0,&quot;sticky_anchor_link_offset&quot;:0}\">\n\t\t\t\t<\/div>\n\t\t<div class=\"elementor-element elementor-element-5b79cd13 e-con-full e-flex e-con e-parent\" data-id=\"5b79cd13\" data-element_type=\"container\" data-settings=\"{&quot;background_background&quot;:&quot;classic&quot;}\">\n\t\t\t\t<div class=\"elementor-element elementor-element-10a4dab elementor-widget elementor-widget-heading\" data-id=\"10a4dab\" data-element_type=\"widget\" data-widget_type=\"heading.default\">\n\t\t\t\t<div class=\"elementor-widget-container\">\n\t\t\t\t\t<h2 class=\"elementor-heading-title elementor-size-default\">N\u00fctzliche Informationen<\/h2>\t\t\t\t<\/div>\n\t\t\t\t<\/div>\n\t\t\t\t<div class=\"elementor-element elementor-element-69e571b6 elementor-widget__width-initial elementor-widget elementor-widget-text-editor\" data-id=\"69e571b6\" data-element_type=\"widget\" data-widget_type=\"text-editor.default\">\n\t\t\t\t<div class=\"elementor-widget-container\">\n\t\t\t\t\t\t\t\t\t<p>Unser Ziel ist es, allen unseren G\u00e4sten ein H\u00f6chstma\u00df an Komfort und Erlebnis im Alltag zu bieten. Es ist uns wichtig, dass wir in unserem Hotel ein breites Spektrum an erstklassigen Dienstleistungen anbieten und dass die Zeit, die Sie bei uns verbringen, wirklich entspannend und unvergesslich wird.<br \/>Was auch immer die Bed\u00fcrfnisse unserer G\u00e4ste sind \u2013 ein entspannendes Wellness-Erlebnis, ein k\u00f6stliches gastronomisches Abenteuer oder sogar der perfekte Ort f\u00fcr eine Gesch\u00e4ftsveranstaltung \u2013 jedes Detail unseres Hotels und unserer Dienstleistungen dient der maximalen Zufriedenheit unserer G\u00e4ste. <br \/>In den folgenden Men\u00fcpunkten haben wir die Leistungen unseres Hotels nach Abteilungen zusammengefasst. Durch \u00d6ffnen der Men\u00fcpunkte k\u00f6nnen Sie sich \u00fcber die Leistungen und Kontaktinformationen der jeweiligen Hotelabteilung informieren.<\/p>\t\t\t\t\t\t\t\t<\/div>\n\t\t\t\t<\/div>\n\t\t\t\t<\/div>\n\t\t<div class=\"elementor-element elementor-element-3e0e8ab e-con-full animated-slow e-flex elementor-invisible e-con e-parent\" data-id=\"3e0e8ab\" data-element_type=\"container\" data-settings=\"{&quot;background_background&quot;:&quot;classic&quot;,&quot;animation&quot;:&quot;fadeIn&quot;,&quot;animation_delay&quot;:200}\">\n\t\t<div class=\"elementor-element elementor-element-7d7b5160 e-con-full e-flex e-con e-child\" data-id=\"7d7b5160\" data-element_type=\"container\" data-settings=\"{&quot;background_background&quot;:&quot;classic&quot;,&quot;motion_fx_motion_fx_scrolling&quot;:&quot;yes&quot;,&quot;motion_fx_devices&quot;:[&quot;desktop&quot;,&quot;tablet&quot;,&quot;mobile&quot;]}\">\n\t\t\t\t<\/div>\n\t\t<div class=\"elementor-element elementor-element-7cdbd03c e-con-full e-flex e-con e-child\" data-id=\"7cdbd03c\" data-element_type=\"container\" data-settings=\"{&quot;background_background&quot;:&quot;classic&quot;}\">\n\t\t\t\t<div class=\"elementor-element elementor-element-756e1794 elementor-widget elementor-widget-heading\" data-id=\"756e1794\" data-element_type=\"widget\" data-widget_type=\"heading.default\">\n\t\t\t\t<div class=\"elementor-widget-container\">\n\t\t\t\t\t<h2 class=\"elementor-heading-title elementor-size-default\">Hoteldienstleistungen A-Z<\/h2>\t\t\t\t<\/div>\n\t\t\t\t<\/div>\n\t\t\t\t<div class=\"elementor-element elementor-element-17c446af elementor-widget elementor-widget-text-editor\" data-id=\"17c446af\" data-element_type=\"widget\" data-widget_type=\"text-editor.default\">\n\t\t\t\t<div class=\"elementor-widget-container\">\n\t\t\t\t\t\t\t\t\t<p>Unter diesem Men\u00fcpunkt k\u00f6nnen Sie die Leistungen unseres Hotels anhand unserer in ABC-Reihenfolge zusammengestellten Liste kennenlernen.<\/p>\t\t\t\t\t\t\t\t<\/div>\n\t\t\t\t<\/div>\n\t\t\t\t<div class=\"elementor-element elementor-element-108b7270 elementor-widget-mobile__width-initial elementor-widget elementor-widget-button\" data-id=\"108b7270\" data-element_type=\"widget\" data-widget_type=\"button.default\">\n\t\t\t\t<div class=\"elementor-widget-container\">\n\t\t\t\t\t\t\t\t\t<div class=\"elementor-button-wrapper\">\n\t\t\t\t\t<a class=\"elementor-button elementor-button-link elementor-size-sm\" href=\"https:\/\/szolgaltatasok.imolaplatan.hu\/de\/szobamappa-01-szolgaltatasok-a-z-ig\/\">\n\t\t\t\t\t\t<span class=\"elementor-button-content-wrapper\">\n\t\t\t\t\t\t\t\t\t<span class=\"elementor-button-text\">WEITER<\/span>\n\t\t\t\t\t<\/span>\n\t\t\t\t\t<\/a>\n\t\t\t\t<\/div>\n\t\t\t\t\t\t\t\t<\/div>\n\t\t\t\t<\/div>\n\t\t\t\t<\/div>\n\t\t\t\t<\/div>\n\t\t<div class=\"elementor-element elementor-element-73c8555c e-con-full animated-slow e-flex elementor-invisible e-con e-parent\" data-id=\"73c8555c\" data-element_type=\"container\" data-settings=\"{&quot;animation&quot;:&quot;fadeIn&quot;,&quot;animation_delay&quot;:200}\">\n\t\t<div class=\"elementor-element elementor-element-57a73c5a e-con-full e-flex e-con e-child\" data-id=\"57a73c5a\" data-element_type=\"container\" data-settings=\"{&quot;background_background&quot;:&quot;classic&quot;}\">\n\t\t\t\t<div class=\"elementor-element elementor-element-484b2582 animated-slow elementor-widget-mobile__width-initial elementor-widget elementor-widget-heading\" data-id=\"484b2582\" data-element_type=\"widget\" data-settings=\"{&quot;_animation&quot;:&quot;none&quot;,&quot;_animation_delay&quot;:1300}\" data-widget_type=\"heading.default\">\n\t\t\t\t<div class=\"elementor-widget-container\">\n\t\t\t\t\t<h2 class=\"elementor-heading-title elementor-size-default\">Restaurant \/ Men\u00fc \/ Zimmerservice<\/h2>\t\t\t\t<\/div>\n\t\t\t\t<\/div>\n\t\t\t\t<div class=\"elementor-element elementor-element-bf2d18f elementor-widget elementor-widget-text-editor\" data-id=\"bf2d18f\" data-element_type=\"widget\" data-widget_type=\"text-editor.default\">\n\t\t\t\t<div class=\"elementor-widget-container\">\n\t\t\t\t\t\t\t\t\t<p>Tauchen Sie ein in das Angebot unseres Restaurants BOR\u00c1G, wo die saisonalen und festen Gerichte auf der Speisekarte die perfekte Harmonie aus traditioneller und moderner K\u00fcche bieten, w\u00e4hrend unsere erstklassige Getr\u00e4nkeauswahl die Mahlzeiten mit Freunden und Familienmitgliedern unvergesslich macht. Probieren Sie das gehobene kulinarische Erlebnis und w\u00e4hlen Sie aus unserem sorgf\u00e4ltig zusammengestellten Men\u00fc nach Ihrem Geschmack, auch mit Zimmerservice ganz bequem auf Ihrem Zimmer.<\/p>\t\t\t\t\t\t\t\t<\/div>\n\t\t\t\t<\/div>\n\t\t\t\t<div class=\"elementor-element elementor-element-480630b1 elementor-widget elementor-widget-button\" data-id=\"480630b1\" data-element_type=\"widget\" data-widget_type=\"button.default\">\n\t\t\t\t<div class=\"elementor-widget-container\">\n\t\t\t\t\t\t\t\t\t<div class=\"elementor-button-wrapper\">\n\t\t\t\t\t<a class=\"elementor-button elementor-button-link elementor-size-sm\" href=\"https:\/\/szolgaltatasok.imolaplatan.hu\/de\/szobamappa-02-etterem\/\">\n\t\t\t\t\t\t<span class=\"elementor-button-content-wrapper\">\n\t\t\t\t\t\t\t\t\t<span class=\"elementor-button-text\">WEITER<\/span>\n\t\t\t\t\t<\/span>\n\t\t\t\t\t<\/a>\n\t\t\t\t<\/div>\n\t\t\t\t\t\t\t\t<\/div>\n\t\t\t\t<\/div>\n\t\t\t\t<\/div>\n\t\t<div class=\"elementor-element elementor-element-31bb22d5 e-con-full e-flex e-con e-child\" data-id=\"31bb22d5\" data-element_type=\"container\" data-settings=\"{&quot;background_background&quot;:&quot;classic&quot;}\">\n\t\t\t\t<\/div>\n\t\t\t\t<\/div>\n\t\t<div class=\"elementor-element elementor-element-1b2d99b4 e-con-full animated-slow e-flex elementor-invisible e-con e-parent\" data-id=\"1b2d99b4\" data-element_type=\"container\" data-settings=\"{&quot;background_background&quot;:&quot;classic&quot;,&quot;animation&quot;:&quot;fadeIn&quot;,&quot;animation_delay&quot;:200}\">\n\t\t<div class=\"elementor-element elementor-element-2d8a4835 e-con-full e-flex e-con e-child\" data-id=\"2d8a4835\" data-element_type=\"container\" data-settings=\"{&quot;background_background&quot;:&quot;classic&quot;}\">\n\t\t\t\t<\/div>\n\t\t<div class=\"elementor-element elementor-element-680f0794 e-con-full e-flex e-con e-child\" data-id=\"680f0794\" data-element_type=\"container\" data-settings=\"{&quot;background_background&quot;:&quot;classic&quot;}\">\n\t\t\t\t<div class=\"elementor-element elementor-element-28ce5e50 elementor-widget elementor-widget-heading\" data-id=\"28ce5e50\" data-element_type=\"widget\" data-widget_type=\"heading.default\">\n\t\t\t\t<div class=\"elementor-widget-container\">\n\t\t\t\t\t<h2 class=\"elementor-heading-title elementor-size-default\">Wellness-Men\u00fc \/ SPA \/ Behandlungen <\/h2>\t\t\t\t<\/div>\n\t\t\t\t<\/div>\n\t\t\t\t<div class=\"elementor-element elementor-element-51864a84 elementor-widget elementor-widget-text-editor\" data-id=\"51864a84\" data-element_type=\"widget\" data-widget_type=\"text-editor.default\">\n\t\t\t\t<div class=\"elementor-widget-container\">\n\t\t\t\t\t\t\t\t\t<p>Die erwachsenenfreundliche Wellness- und SPA-Abteilung unseres Hotels bietet eine einzigartige Umgebung, in der Ruhe und Erfrischung auf erstklassige Dienstleistungen treffen. Die Vielfalt der Becken, unsere diskrete Saunawelt, unsere sorgf\u00e4ltig gestalteten Ruhebereiche, unsere professionellen Behandlungen und die belebenden Entspannungsm\u00f6glichkeiten sorgen daf\u00fcr, dass jeder Besuch zu einem unvergesslichen Erlebnis wird.<\/p>\t\t\t\t\t\t\t\t<\/div>\n\t\t\t\t<\/div>\n\t\t\t\t<div class=\"elementor-element elementor-element-1757cd2 elementor-widget elementor-widget-button\" data-id=\"1757cd2\" data-element_type=\"widget\" data-widget_type=\"button.default\">\n\t\t\t\t<div class=\"elementor-widget-container\">\n\t\t\t\t\t\t\t\t\t<div class=\"elementor-button-wrapper\">\n\t\t\t\t\t<a class=\"elementor-button elementor-button-link elementor-size-sm\" href=\"https:\/\/szolgaltatasok.imolaplatan.hu\/de\/szobamappa-03-wellness\/\">\n\t\t\t\t\t\t<span class=\"elementor-button-content-wrapper\">\n\t\t\t\t\t\t\t\t\t<span class=\"elementor-button-text\">WEITER<\/span>\n\t\t\t\t\t<\/span>\n\t\t\t\t\t<\/a>\n\t\t\t\t<\/div>\n\t\t\t\t\t\t\t\t<\/div>\n\t\t\t\t<\/div>\n\t\t\t\t<\/div>\n\t\t\t\t<\/div>\n\t\t<div class=\"elementor-element elementor-element-6afb1f65 e-con-full animated-slow e-flex elementor-invisible e-con e-parent\" data-id=\"6afb1f65\" data-element_type=\"container\" data-settings=\"{&quot;animation&quot;:&quot;fadeIn&quot;,&quot;animation_delay&quot;:500}\">\n\t\t<div class=\"elementor-element elementor-element-69ef9809 e-con-full e-flex e-con e-child\" data-id=\"69ef9809\" data-element_type=\"container\" data-settings=\"{&quot;background_background&quot;:&quot;classic&quot;}\">\n\t\t\t\t<div class=\"elementor-element elementor-element-151b3e6b elementor-widget elementor-widget-heading\" data-id=\"151b3e6b\" data-element_type=\"widget\" data-widget_type=\"heading.default\">\n\t\t\t\t<div class=\"elementor-widget-container\">\n\t\t\t\t\t<h2 class=\"elementor-heading-title elementor-size-default\">Erlebnisse \/ Programme<\/h2>\t\t\t\t<\/div>\n\t\t\t\t<\/div>\n\t\t\t\t<div class=\"elementor-element elementor-element-7a3c412d elementor-widget elementor-widget-text-editor\" data-id=\"7a3c412d\" data-element_type=\"widget\" data-widget_type=\"text-editor.default\">\n\t\t\t\t<div class=\"elementor-widget-container\">\n\t\t\t\t\t\t\t\t\t<p>Wir bieten unseren G\u00e4sten personalisierte Erlebnisse, die ihren Urlaub noch spezieller machen. Ob Fr\u00fchst\u00fcck auf dem Zimmer, privates Abendessen auf der Terrasse oder sogar ein romantischer Abenddrink an der Bar: Unser Angebot an exklusiven Serviceleistungen ist unersch\u00f6pflich. Wir machen Ihr Entspannungserlebnis mit personalisierten Weintouren, Kellerbesichtigungen, Weinproben oder sogar einer erfrischenden Saunazeremonie unvergesslich.<\/p>\t\t\t\t\t\t\t\t<\/div>\n\t\t\t\t<\/div>\n\t\t\t\t<div class=\"elementor-element elementor-element-55cd97fe elementor-widget elementor-widget-button\" data-id=\"55cd97fe\" data-element_type=\"widget\" data-widget_type=\"button.default\">\n\t\t\t\t<div class=\"elementor-widget-container\">\n\t\t\t\t\t\t\t\t\t<div class=\"elementor-button-wrapper\">\n\t\t\t\t\t<a class=\"elementor-button elementor-button-link elementor-size-sm\" href=\"https:\/\/szolgaltatasok.imolaplatan.hu\/de\/szobamappa-04-elmenyek-programok\/\">\n\t\t\t\t\t\t<span class=\"elementor-button-content-wrapper\">\n\t\t\t\t\t\t\t\t\t<span class=\"elementor-button-text\">WEITER<\/span>\n\t\t\t\t\t<\/span>\n\t\t\t\t\t<\/a>\n\t\t\t\t<\/div>\n\t\t\t\t\t\t\t\t<\/div>\n\t\t\t\t<\/div>\n\t\t\t\t<\/div>\n\t\t<div class=\"elementor-element elementor-element-71fdd3cf e-con-full e-flex e-con e-child\" data-id=\"71fdd3cf\" data-element_type=\"container\" data-settings=\"{&quot;background_background&quot;:&quot;classic&quot;}\">\n\t\t\t\t<\/div>\n\t\t\t\t<\/div>\n\t\t<div class=\"elementor-element elementor-element-cff4305 e-con-full animated-slow e-flex elementor-invisible e-con e-parent\" data-id=\"cff4305\" data-element_type=\"container\" data-settings=\"{&quot;background_background&quot;:&quot;classic&quot;,&quot;animation&quot;:&quot;fadeIn&quot;,&quot;animation_delay&quot;:200}\">\n\t\t<div class=\"elementor-element elementor-element-37c13e2 e-con-full e-flex e-con e-child\" data-id=\"37c13e2\" data-element_type=\"container\" data-settings=\"{&quot;background_background&quot;:&quot;classic&quot;}\">\n\t\t\t\t<\/div>\n\t\t<div class=\"elementor-element elementor-element-70a03038 e-con-full e-flex e-con e-child\" data-id=\"70a03038\" data-element_type=\"container\" data-settings=\"{&quot;background_background&quot;:&quot;classic&quot;}\">\n\t\t\t\t<div class=\"elementor-element elementor-element-65dedc3a elementor-widget elementor-widget-heading\" data-id=\"65dedc3a\" data-element_type=\"widget\" data-widget_type=\"heading.default\">\n\t\t\t\t<div class=\"elementor-widget-container\">\n\t\t\t\t\t<h2 class=\"elementor-heading-title elementor-size-default\">Telefonnummern der Hotelabteilungen \/ Liste der Fernsehsender<\/h2>\t\t\t\t<\/div>\n\t\t\t\t<\/div>\n\t\t\t\t<div class=\"elementor-element elementor-element-aed582 elementor-widget elementor-widget-text-editor\" data-id=\"aed582\" data-element_type=\"widget\" data-widget_type=\"text-editor.default\">\n\t\t\t\t<div class=\"elementor-widget-container\">\n\t\t\t\t\t\t\t\t\t<p>Alle unsere Abteilungen sind \u00fcber das Zimmertelefon erreichbar, so dass wir Ihnen umgehend weiterhelfen k\u00f6nnen.<\/p>\t\t\t\t\t\t\t\t<\/div>\n\t\t\t\t<\/div>\n\t\t\t\t<div class=\"elementor-element elementor-element-149b39a9 elementor-widget elementor-widget-button\" data-id=\"149b39a9\" data-element_type=\"widget\" data-widget_type=\"button.default\">\n\t\t\t\t<div class=\"elementor-widget-container\">\n\t\t\t\t\t\t\t\t\t<div class=\"elementor-button-wrapper\">\n\t\t\t\t\t<a class=\"elementor-button elementor-button-link elementor-size-sm\" href=\"https:\/\/szolgaltatasok.imolaplatan.hu\/de\/szobamappa-05-telefonok\/\">\n\t\t\t\t\t\t<span class=\"elementor-button-content-wrapper\">\n\t\t\t\t\t\t\t\t\t<span class=\"elementor-button-text\">WEITER<\/span>\n\t\t\t\t\t<\/span>\n\t\t\t\t\t<\/a>\n\t\t\t\t<\/div>\n\t\t\t\t\t\t\t\t<\/div>\n\t\t\t\t<\/div>\n\t\t\t\t<\/div>\n\t\t\t\t<\/div>\n\t\t<div class=\"elementor-element elementor-element-3ed54832 e-con-full animated-slow e-flex elementor-invisible e-con e-parent\" data-id=\"3ed54832\" data-element_type=\"container\" data-settings=\"{&quot;animation&quot;:&quot;fadeIn&quot;,&quot;animation_delay&quot;:200}\">\n\t\t<div class=\"elementor-element elementor-element-77e16618 e-con-full e-flex e-con e-child\" data-id=\"77e16618\" data-element_type=\"container\" data-settings=\"{&quot;background_background&quot;:&quot;classic&quot;}\">\n\t\t\t\t<div class=\"elementor-element elementor-element-5e71fa5 elementor-widget elementor-widget-heading\" data-id=\"5e71fa5\" data-element_type=\"widget\" data-widget_type=\"heading.default\">\n\t\t\t\t<div class=\"elementor-widget-container\">\n\t\t\t\t\t<h2 class=\"elementor-heading-title elementor-size-default\">Allgemeine Gesch\u00e4ftsbedingungen \/ HAUSORDNUNG<\/h2>\t\t\t\t<\/div>\n\t\t\t\t<\/div>\n\t\t\t\t<div class=\"elementor-element elementor-element-161a21bc elementor-widget elementor-widget-text-editor\" data-id=\"161a21bc\" data-element_type=\"widget\" data-widget_type=\"text-editor.default\">\n\t\t\t\t<div class=\"elementor-widget-container\">\n\t\t\t\t\t\t\t\t\t<p>Wenn Sie auf die n\u00e4chste Taste klicken, k\u00f6nnen Sie die Allgemeinen Gesch\u00e4ftsbedingungen unseres Hotels sowie die Hausordnung lesen.<\/p>\t\t\t\t\t\t\t\t<\/div>\n\t\t\t\t<\/div>\n\t\t\t\t<div class=\"elementor-element elementor-element-5f5680ee elementor-widget elementor-widget-button\" data-id=\"5f5680ee\" data-element_type=\"widget\" data-widget_type=\"button.default\">\n\t\t\t\t<div class=\"elementor-widget-container\">\n\t\t\t\t\t\t\t\t\t<div class=\"elementor-button-wrapper\">\n\t\t\t\t\t<a class=\"elementor-button elementor-button-link elementor-size-sm\" href=\"https:\/\/szolgaltatasok.imolaplatan.hu\/de\/szobamappa-06-hazirend\/\">\n\t\t\t\t\t\t<span class=\"elementor-button-content-wrapper\">\n\t\t\t\t\t\t\t\t\t<span class=\"elementor-button-text\">WEITER<\/span>\n\t\t\t\t\t<\/span>\n\t\t\t\t\t<\/a>\n\t\t\t\t<\/div>\n\t\t\t\t\t\t\t\t<\/div>\n\t\t\t\t<\/div>\n\t\t\t\t<\/div>\n\t\t<div class=\"elementor-element elementor-element-8f54388 e-con-full e-flex e-con e-child\" data-id=\"8f54388\" data-element_type=\"container\" data-settings=\"{&quot;background_background&quot;:&quot;classic&quot;}\">\n\t\t\t\t<\/div>\n\t\t\t\t<\/div>\n\t\t\t\t<\/div>","protected":false},"excerpt":{"rendered":"<p>HASZNOS INFORM\u00c1CI\u00d3K C\u00e9lunk, hogy minden vend\u00e9g\u00fcnk sz\u00e1m\u00e1ra a legmagasabb szint\u0171 k\u00e9nyelmet \u00e9s \u00e9lm\u00e9nyt ny\u00fajtsuk a mindennapok sor\u00e1n. Fontos sz\u00e1munkra, hogy sz\u00e1llod\u00e1nkban a pr\u00e9miumszolg\u00e1ltat\u00e1sok sz\u00e9les v\u00e1laszt\u00e9k\u00e1t k\u00edn\u00e1ljuk, \u00e9s a n\u00e1lunk t\u00f6lt\u00f6tt id\u0151 val\u00f3ban pihentet\u0151 \u00e9s felejthetetlen legyen.B\u00e1rmi is legyen vend\u00e9geink ig\u00e9nye \u2013 pihentet\u0151 wellness \u00e9lm\u00e9ny, \u00ednycsikland\u00f3 gasztron\u00f3miai kaland, vagy ak\u00e1r egy \u00fczleti rendezv\u00e9ny t\u00f6k\u00e9letes helysz\u00edne \u2013, &#8230; <a title=\"Informationen\" class=\"read-more\" href=\"https:\/\/szolgaltatasok.imolaplatan.hu\/de\/\" aria-label=\"Mehr Informationen \u00fcber Szobamappa\">Weiterlesen<\/a><\/p>","protected":false},"author":2,"featured_media":0,"parent":0,"menu_order":0,"comment_status":"closed","ping_status":"closed","template":"","meta":{"footnotes":""},"class_list":["post-91","page","type-page","status-publish"],"_links":{"self":[{"href":"https:\/\/szolgaltatasok.imolaplatan.hu\/de\/wp-json\/wp\/v2\/pages\/91","targetHints":{"allow":["GET"]}}],"collection":[{"href":"https:\/\/szolgaltatasok.imolaplatan.hu\/de\/wp-json\/wp\/v2\/pages"}],"about":[{"href":"https:\/\/szolgaltatasok.imolaplatan.hu\/de\/wp-json\/wp\/v2\/types\/page"}],"author":[{"embeddable":true,"href":"https:\/\/szolgaltatasok.imolaplatan.hu\/de\/wp-json\/wp\/v2\/users\/2"}],"replies":[{"embeddable":true,"href":"https:\/\/szolgaltatasok.imolaplatan.hu\/de\/wp-json\/wp\/v2\/comments?post=91"}],"version-history":[{"count":0,"href":"https:\/\/szolgaltatasok.imolaplatan.hu\/de\/wp-json\/wp\/v2\/pages\/91\/revisions"}],"wp:attachment":[{"href":"https:\/\/szolgaltatasok.imolaplatan.hu\/de\/wp-json\/wp\/v2\/media?parent=91"}],"curies":[{"name":"wp","href":"https:\/\/api.w.org\/{rel}","templated":true}]}}