{"id":68,"date":"2025-01-17T15:20:33","date_gmt":"2025-01-17T14:20:33","guid":{"rendered":"https:\/\/szolgaltatasok.imolaplatan.hu\/?page_id=68"},"modified":"2025-07-17T13:42:39","modified_gmt":"2025-07-17T11:42:39","slug":"szobamappa-01-szolgaltatasok-a-z-ig","status":"publish","type":"page","link":"https:\/\/szolgaltatasok.imolaplatan.hu\/de\/szobamappa-01-szolgaltatasok-a-z-ig\/","title":{"rendered":"Szobamappa &#8211; 01 Szolg\u00e1ltat\u00e1sok A-Z-ig"},"content":{"rendered":"<div data-elementor-type=\"wp-page\" data-elementor-id=\"68\" class=\"elementor elementor-68\" data-elementor-post-type=\"page\">\n\t\t\t\t<div class=\"elementor-element elementor-element-394c19e3 e-con-full e-flex e-con e-parent\" data-id=\"394c19e3\" data-element_type=\"container\" data-settings=\"{&quot;background_background&quot;:&quot;classic&quot;}\">\n\t\t\t\t<\/div>\n\t\t<div class=\"elementor-element elementor-element-33591fa4 e-con-full e-flex e-con e-parent\" data-id=\"33591fa4\" data-element_type=\"container\" data-settings=\"{&quot;background_background&quot;:&quot;classic&quot;}\">\n\t\t\t\t<div class=\"elementor-element elementor-element-5121a640 elementor-widget elementor-widget-heading\" data-id=\"5121a640\" data-element_type=\"widget\" data-widget_type=\"heading.default\">\n\t\t\t\t<div class=\"elementor-widget-container\">\n\t\t\t\t\t<h2 class=\"elementor-heading-title elementor-size-default\">SZ\u00c1LLODAI SZOLG\u00c1LTAT\u00c1SOK A-Z-IG<\/h2>\t\t\t\t<\/div>\n\t\t\t\t<\/div>\n\t\t\t\t<\/div>\n\t\t<div class=\"elementor-element elementor-element-75ca2a82 e-con-full e-flex e-con e-parent\" data-id=\"75ca2a82\" data-element_type=\"container\">\n\t\t<div class=\"elementor-element elementor-element-27fdaa4a e-con-full e-flex e-con e-child\" data-id=\"27fdaa4a\" data-element_type=\"container\" data-settings=\"{&quot;background_background&quot;:&quot;classic&quot;}\">\n\t\t\t\t<div class=\"elementor-element elementor-element-412b414c elementor-widget elementor-widget-text-editor\" data-id=\"412b414c\" data-element_type=\"widget\" data-no-translation=\"\" data-widget_type=\"text-editor.default\">\n\t\t\t\t<div class=\"elementor-widget-container\">\n\t\t\t\t\t<style>.elementor-element-412b414c{display:none !important}<\/style>\t\t\t\t<\/div>\n\t\t\t\t<\/div>\n\t\t\t\t<div class=\"elementor-element elementor-element-53eab1ea elementor-widget elementor-widget-text-editor\" data-id=\"53eab1ea\" data-element_type=\"widget\" data-no-translation=\"\" data-widget_type=\"text-editor.default\">\n\t\t\t\t<div class=\"elementor-widget-container\">\n\t\t\t\t\t<style>.elementor-element-53eab1ea{display:none !important}<\/style>\t\t\t\t<\/div>\n\t\t\t\t<\/div>\n\t\t\t\t<div class=\"elementor-element elementor-element-9487649 elementor-widget elementor-widget-text-editor\" data-id=\"9487649\" data-element_type=\"widget\" data-no-translation=\"\" data-widget_type=\"text-editor.default\">\n\t\t\t\t<div class=\"elementor-widget-container\">\n\t\t\t\t\t<style>.elementor-element-9487649{display:none !important}<\/style>\t\t\t\t<\/div>\n\t\t\t\t<\/div>\n\t\t\t\t<\/div>\n\t\t\t\t<\/div>\n\t\t\t\t<\/div>","protected":false},"excerpt":{"rendered":"<p>SZ\u00c1LLODAI SZOLG\u00c1LTAT\u00c1SOK A-Z-IG TARTALOMJEGYZ\u00c9K:Ablak | Ajt\u00f3 | \u00c1gynem\u0171 | \u00c1rny\u00e9kol\u00f3 | Bankk\u00e1rtya | B\u00e1r | Bejelentkez\u00e9s | Borotva | Cip\u0151tiszt\u00edt\u00e1s | Csomagszoba | Csomagsz\u00e1ll\u00edt\u00e1s | Day Spa | Doh\u00e1nyz\u00e1s | Egy\u00e9b szolg\u00e1ltat\u00e1sok | Egy\u00e9b kell\u00e9kek | Elektromoss\u00e1g | Elektromos aut\u00f3t\u00f6lt\u00e9s | Elfogad\u00f3hely | Elutaz\u00e1s id\u0151pontja | Eserny\u0151 | \u00c9breszt\u0151\u00f3ra | \u00c9rt\u00e9kmeg\u0151rz\u00e9s | \u00c9tterem | Fax &#8230; <a title=\"Szobamappa &#8211; 01 Szolg\u00e1ltat\u00e1sok A-Z-ig\" class=\"read-more\" href=\"https:\/\/szolgaltatasok.imolaplatan.hu\/de\/szobamappa-01-szolgaltatasok-a-z-ig\/\" aria-label=\"Mehr Informationen \u00fcber Szobamappa &#8211; 01 Szolg\u00e1ltat\u00e1sok A-Z-ig\">Weiterlesen<\/a><\/p>","protected":false},"author":2,"featured_media":0,"parent":0,"menu_order":0,"comment_status":"closed","ping_status":"closed","template":"elementor_header_footer","meta":{"footnotes":""},"class_list":["post-68","page","type-page","status-publish"],"_links":{"self":[{"href":"https:\/\/szolgaltatasok.imolaplatan.hu\/de\/wp-json\/wp\/v2\/pages\/68","targetHints":{"allow":["GET"]}}],"collection":[{"href":"https:\/\/szolgaltatasok.imolaplatan.hu\/de\/wp-json\/wp\/v2\/pages"}],"about":[{"href":"https:\/\/szolgaltatasok.imolaplatan.hu\/de\/wp-json\/wp\/v2\/types\/page"}],"author":[{"embeddable":true,"href":"https:\/\/szolgaltatasok.imolaplatan.hu\/de\/wp-json\/wp\/v2\/users\/2"}],"replies":[{"embeddable":true,"href":"https:\/\/szolgaltatasok.imolaplatan.hu\/de\/wp-json\/wp\/v2\/comments?post=68"}],"version-history":[{"count":0,"href":"https:\/\/szolgaltatasok.imolaplatan.hu\/de\/wp-json\/wp\/v2\/pages\/68\/revisions"}],"wp:attachment":[{"href":"https:\/\/szolgaltatasok.imolaplatan.hu\/de\/wp-json\/wp\/v2\/media?parent=68"}],"curies":[{"name":"wp","href":"https:\/\/api.w.org\/{rel}","templated":true}]}}