{"id":129,"date":"2025-01-17T18:57:11","date_gmt":"2025-01-17T17:57:11","guid":{"rendered":"https:\/\/szolgaltatasok.imolaplatan.hu\/?page_id=129"},"modified":"2025-02-10T10:12:48","modified_gmt":"2025-02-10T09:12:48","slug":"szobamappa-05-telefonok","status":"publish","type":"page","link":"https:\/\/szolgaltatasok.imolaplatan.hu\/de\/szobamappa-05-telefonok\/","title":{"rendered":"Szobamappa &#8211; 05 &#8211; Telefonok"},"content":{"rendered":"<div data-elementor-type=\"wp-page\" data-elementor-id=\"129\" class=\"elementor elementor-129\" data-elementor-post-type=\"page\">\n\t\t\t\t<div class=\"elementor-element elementor-element-10ebc6f2 e-con-full e-flex e-con e-parent\" data-id=\"10ebc6f2\" data-element_type=\"container\" data-settings=\"{&quot;background_background&quot;:&quot;classic&quot;}\">\n\t\t\t\t<\/div>\n\t\t<div class=\"elementor-element elementor-element-15724c4e e-con-full e-flex e-con e-parent\" data-id=\"15724c4e\" data-element_type=\"container\" data-settings=\"{&quot;background_background&quot;:&quot;classic&quot;}\">\n\t\t\t\t<div class=\"elementor-element elementor-element-185f095a elementor-widget elementor-widget-heading\" data-id=\"185f095a\" data-element_type=\"widget\" data-widget_type=\"heading.default\">\n\t\t\t\t<div class=\"elementor-widget-container\">\n\t\t\t\t\t<h2 class=\"elementor-heading-title elementor-size-default\">Sz\u00e1lloda r\u00e9szlegeinek telefonsz\u00e1mai<\/h2>\t\t\t\t<\/div>\n\t\t\t\t<\/div>\n\t\t\t\t<\/div>\n\t\t<div class=\"elementor-element elementor-element-f1d7586 e-con-full e-flex e-con e-parent\" data-id=\"f1d7586\" data-element_type=\"container\">\n\t\t<div class=\"elementor-element elementor-element-3e371b91 e-con-full e-flex e-con e-child\" data-id=\"3e371b91\" data-element_type=\"container\" data-settings=\"{&quot;background_background&quot;:&quot;classic&quot;}\">\n\t\t\t\t<div class=\"elementor-element elementor-element-2c5c11ba elementor-widget elementor-widget-text-editor\" data-id=\"2c5c11ba\" data-element_type=\"widget\" data-no-translation=\"\" data-widget_type=\"text-editor.default\">\n\t\t\t\t<div class=\"elementor-widget-container\">\n\t\t\t\t\t<style>.elementor-element-2c5c11ba{display:none !important}<\/style>\t\t\t\t<\/div>\n\t\t\t\t<\/div>\n\t\t\t\t<div class=\"elementor-element elementor-element-0b1832c elementor-widget elementor-widget-text-editor\" data-id=\"0b1832c\" data-element_type=\"widget\" data-no-translation=\"\" data-widget_type=\"text-editor.default\">\n\t\t\t\t<div class=\"elementor-widget-container\">\n\t\t\t\t\t<style>.elementor-element-0b1832c{display:none !important}<\/style>\t\t\t\t<\/div>\n\t\t\t\t<\/div>\n\t\t\t\t<\/div>\n\t\t\t\t<\/div>\n\t\t\t\t<\/div>","protected":false},"excerpt":{"rendered":"<p>Sz\u00e1lloda r\u00e9szlegeinek telefonsz\u00e1mai Recepci\u00f3: \u00a0\u00a0\u00a0\u00a0\u00a0\u00a0\u00a0\u00a0\u00a0\u00a0\u00a0\u00a0\u00a0\u00a0\u00a0\u00a0\u00a0\u00a0 9-es mell\u00e9k\u00c9tterem: \u00a0\u00a0\u00a0\u00a0\u00a0\u00a0\u00a0\u00a0\u00a0\u00a0\u00a0\u00a0\u00a0\u00a0\u00a0\u00a0\u00a0\u00a0\u00a0\u00a0 885B\u00e1r: \u00a0\u00a0\u00a0\u00a0\u00a0\u00a0\u00a0\u00a0\u00a0\u00a0\u00a0\u00a0\u00a0\u00a0\u00a0\u00a0\u00a0\u00a0\u00a0\u00a0\u00a0\u00a0\u00a0\u00a0\u00a0\u00a0\u00a0\u00a0 854Wellness recepci\u00f3: \u00a0\u00a0 891Vitaminb\u00e1r: \u00a0\u00a0\u00a0\u00a0\u00a0\u00a0\u00a0\u00a0\u00a0\u00a0\u00a0\u00a0\u00a0\u00a0\u00a0 855M\u00e1sik szoba h\u00edv\u00e1sa: \u00a0 szobasz\u00e1mKimen\u0151 h\u00edv\u00e1skezdem\u00e9nyez\u00e9se: \u00a0\u00a0\u00a0\u00a0\u00a0 0+h\u00edv\u00f3sz\u00e1mNemzetk\u00f6zi h\u00edv\u00e1s: \u00a0\u00a0\u00a0\u00a0 0 + 00 + orsz\u00e1g h\u00edv\u00f3 + h\u00edvott sz\u00e1m Reception:\u00a0 \u00a0 \u00a0 \u00a0 \u00a0 \u00a0 \u00a0 \u00a0 \u00a0 \u00a0 \u00a0 \u00a0Extension 9Restaurant:\u00a0 \u00a0 \u00a0 \u00a0 \u00a0 \u00a0 \u00a0 \u00a0 \u00a0 &#8230; <a title=\"Szobamappa &#8211; 05 &#8211; Telefonok\" class=\"read-more\" href=\"https:\/\/szolgaltatasok.imolaplatan.hu\/de\/szobamappa-05-telefonok\/\" aria-label=\"Mehr Informationen \u00fcber Szobamappa &#8211; 05 &#8211; Telefonok\">Weiterlesen<\/a><\/p>","protected":false},"author":2,"featured_media":0,"parent":0,"menu_order":0,"comment_status":"closed","ping_status":"closed","template":"","meta":{"footnotes":""},"class_list":["post-129","page","type-page","status-publish"],"_links":{"self":[{"href":"https:\/\/szolgaltatasok.imolaplatan.hu\/de\/wp-json\/wp\/v2\/pages\/129","targetHints":{"allow":["GET"]}}],"collection":[{"href":"https:\/\/szolgaltatasok.imolaplatan.hu\/de\/wp-json\/wp\/v2\/pages"}],"about":[{"href":"https:\/\/szolgaltatasok.imolaplatan.hu\/de\/wp-json\/wp\/v2\/types\/page"}],"author":[{"embeddable":true,"href":"https:\/\/szolgaltatasok.imolaplatan.hu\/de\/wp-json\/wp\/v2\/users\/2"}],"replies":[{"embeddable":true,"href":"https:\/\/szolgaltatasok.imolaplatan.hu\/de\/wp-json\/wp\/v2\/comments?post=129"}],"version-history":[{"count":0,"href":"https:\/\/szolgaltatasok.imolaplatan.hu\/de\/wp-json\/wp\/v2\/pages\/129\/revisions"}],"wp:attachment":[{"href":"https:\/\/szolgaltatasok.imolaplatan.hu\/de\/wp-json\/wp\/v2\/media?parent=129"}],"curies":[{"name":"wp","href":"https:\/\/api.w.org\/{rel}","templated":true}]}}