{"id":113,"date":"2025-01-17T18:51:06","date_gmt":"2025-01-17T17:51:06","guid":{"rendered":"https:\/\/szolgaltatasok.imolaplatan.hu\/?page_id=113"},"modified":"2025-01-23T16:30:28","modified_gmt":"2025-01-23T15:30:28","slug":"szobamappa-04-elmenyek-programok","status":"publish","type":"page","link":"https:\/\/szolgaltatasok.imolaplatan.hu\/de\/szobamappa-04-elmenyek-programok\/","title":{"rendered":"Szobamappa &#8211; 04 &#8211; \u00c9lm\u00e9nyek"},"content":{"rendered":"<div data-elementor-type=\"wp-page\" data-elementor-id=\"113\" class=\"elementor elementor-113\" data-elementor-post-type=\"page\">\n\t\t\t\t<div class=\"elementor-element elementor-element-6d84dd29 e-con-full e-flex e-con e-parent\" data-id=\"6d84dd29\" data-element_type=\"container\" data-settings=\"{&quot;background_background&quot;:&quot;classic&quot;}\">\n\t\t\t\t<\/div>\n\t\t<div class=\"elementor-element elementor-element-4f38786d e-con-full e-flex e-con e-parent\" data-id=\"4f38786d\" data-element_type=\"container\" data-settings=\"{&quot;background_background&quot;:&quot;classic&quot;}\">\n\t\t\t\t<div class=\"elementor-element elementor-element-656df218 elementor-widget elementor-widget-heading\" data-id=\"656df218\" data-element_type=\"widget\" data-widget_type=\"heading.default\">\n\t\t\t\t<div class=\"elementor-widget-container\">\n\t\t\t\t\t<h2 class=\"elementor-heading-title elementor-size-default\"><p style=\"text-transform: uppercase;margin-bottom: 0cm\">\u00c9lm\u00e9nyek \/ Programok<\/p><\/h2>\t\t\t\t<\/div>\n\t\t\t\t<\/div>\n\t\t\t\t<\/div>\n\t\t<div class=\"elementor-element elementor-element-688e5727 e-con-full e-flex e-con e-parent\" data-id=\"688e5727\" data-element_type=\"container\">\n\t\t<div class=\"elementor-element elementor-element-548a8b1c e-con-full e-flex e-con e-child\" data-id=\"548a8b1c\" data-element_type=\"container\" data-settings=\"{&quot;background_background&quot;:&quot;classic&quot;}\">\n\t\t\t\t<div class=\"elementor-element elementor-element-4d67c6d4 elementor-widget elementor-widget-text-editor\" data-id=\"4d67c6d4\" data-element_type=\"widget\" data-widget_type=\"text-editor.default\">\n\t\t\t\t<div class=\"elementor-widget-container\">\n\t\t\t\t\t\t\t\t\t<p><b>Klasszikus bork\u00f3stol\u00f3 <br \/><\/b>Az egri borvid\u00e9k klasszikus boraib\u00f3l v\u00e1logatott 5 t\u00e9teles bork\u00f3stol\u00f3t k\u00edn\u00e1lunk kedves vend\u00e9geink r\u00e9sz\u00e9re, sommelier koll\u00e9g\u00e1nk vezet\u00e9s\u00e9vel.<br \/>D\u00edj: 5.500 Ft\/f\u0151. Az \u00e1r tartalmazza 5 bor bemutat\u00e1s\u00e1t (0,5 dl t\u00e9telenk\u00e9nt) \u00e9s \u00e1sv\u00e1nyvizet.<\/p><p><b>Superior bork\u00f3stol\u00f3<br \/><\/b>Ismerked\u00e9s az egri borvid\u00e9k vil\u00e1gsz\u00ednvonal\u00fa superior boraival, 5 leny\u0171g\u00f6z\u0151 bor bemutat\u00e1s\u00e1val. A borokat sommelier koll\u00e9g\u00e1nk prezent\u00e1lja sz\u00e1llod\u00e1nk lobby b\u00e1rj\u00e1ban.<br \/>D\u00edj: 7.500 Ft\/f\u0151. Az \u00e1r tartalmazza 5 bor bemutat\u00e1s\u00e1t (0,5 dl t\u00e9telenk\u00e9nt) \u00e9s \u00e1sv\u00e1nyvizet.<\/p><p><b>J\u00f3ga<br \/><\/b>Priv\u00e1t hatha &amp; flow j\u00f3ga\u00f3ra. Az \u00f3ra id\u0151tartama 60 perc. Az \u00f3r\u00e1k lehets\u00e9ges id\u0151pontj\u00e1r\u00f3l k\u00e9rj\u00fck \u00e9rdekl\u0151dj\u00f6n koll\u00e9g\u00e1inkn\u00e1l. R\u00e9szv\u00e9teli sz\u00e1nd\u00e9k\u00e1t k\u00e9rj\u00fck jelezze fel\u00e9nk szem\u00e9lyesen \u00e9rkez\u00e9skor vagy a recepcio@imolaplatan.hu e-mail c\u00edmen. A program d\u00edja 12.500 Ft\/f\u0151.<\/p><p><b>J\u00e1t\u00e9kos bork\u00f3stol\u00f3, \u00edzfelismer\u00e9s<br \/><\/b>A program keretein bel\u00fcl 3 t\u00e9telt k\u00f3stolnak vend\u00e9geink, melynek \u00edzeit, arom\u00e1it sommelier koll\u00e9g\u00e1nk seg\u00edts\u00e9g\u00e9vel \u00e1llap\u00edthatj\u00e1k meg. A program id\u0151tartama kb. 50 perc, d\u00edja: 4.500 Ft\/f\u0151.<\/p><p><a name=\"_Hlk168752168\"><\/a><b>Szauna cerem\u00f3ni\u00e1k<br \/><\/b>Szaunamestereink tematikus, friss\u00edt\u0151 cerem\u00f3ni\u00e1kkal v\u00e1rj\u00e1k az \u00e9rdekl\u0151d\u0151ket, k\u00fcl\u00f6nb\u00f6z\u0151 tematik\u00e1kkal. A cerem\u00f3ni\u00e1kat finn szaun\u00e1nkban illetve g\u0151z kabinunkban \u00e9lvezhetik vend\u00e9geink. Sz\u00e1llod\u00e1nk diszkr\u00e9t, naturalista, \u00edgy a cerem\u00f3ni\u00e1ik f\u00fcrd\u0151ruhamentesek, a szaunaleped\u0151 haszn\u00e1lata k\u00f6telez\u0151. Cerem\u00f3ni\u00e1k sor\u00e1n szaunamester\u00fcnk az \u00e9vszakokhoz ill\u0151 tematika szerint k\u00fcl\u00f6nb\u00f6z\u0151 ill\u00f3olajokkal, s\u00f6rrel, p\u00e1link\u00e1val, borral v\u00e9gzi a fel\u00f6nt\u00e9st. A szaunamester a fokozatos fel\u00f6nt\u00e9st k\u00f6vet\u0151en legyez\u0151 technik\u00e1val hev\u00edti \u00e9s p\u00e1r\u00e1s\u00edtja a leveg\u0151t. A g\u0151z cerem\u00f3nia sor\u00e1n k\u00fcl\u00f6nb\u00f6z\u0151 testrad\u00edrral \u00e1polhatj\u00e1k b\u0151r\u00fcket. A szaunacerem\u00f3ni\u00e1k j\u00f3 hangulatban telnek, egy-egy program id\u0151tartama 12-15 perc.<br \/>Szaun\u00e1z\u00e1s ut\u00e1n fontos a visszah\u0171l\u00e9s, melyr\u0151l sokk zuhanyunk, j\u00e9gkutunk \u00e9s kneipp tapos\u00f3nk gondoskodik, \u00edgy mindenki kiv\u00e1laszthatja a sz\u00e1m\u00e1ra megfelel\u0151 visszah\u0171l\u00e9si form\u00e1t. Pihen\u00e9s\u00e9hez, relax\u00e1l\u00e1s\u00e1hoz pihen\u0151szob\u00e1val, relax fotelekkel \u00e9s pihen\u0151\u00e1gyakkal j\u00e1rulunk hozz\u00e1.<br \/>A szaun\u00e1z\u00e1s n\u00e9h\u00e1ny j\u00f3t\u00e9kony hat\u00e1sa a m\u00e9regtelen\u00edt\u00e9s, anyagcserefokoz\u00e1s, b\u0151r\u00e1pol\u00e1s.<br \/>V\u00e1rand\u00f3s kismam\u00e1knak nem javasolt. Egy\u00e9b eg\u00e9szs\u00e9g\u00fcgyi probl\u00e9ma eset\u00e9n szaun\u00e1z\u00e1s el\u0151tt egyeztessen a szaunamesterrel.<br \/>Szaun\u00e1z\u00e1s el\u0151tt a zuhanyz\u00e1s illetve h\u00f6lgyeknek a smink elt\u00e1vol\u00edt\u00e1sa aj\u00e1nlott.<br \/>Szauna cerem\u00f3ni\u00e1kra el\u0151zetes bejelentkez\u00e9s nem lehets\u00e9ges, az itt tart\u00f3zkod\u00e1s ideje alatt az adott napon van lehet\u0151s\u00e9g jelentkezni reggel 8 \u00f3r\u00e1t\u00f3l a wellness recepci\u00f3n. A program minden nap el\u00e9rhet\u0151 t\u00e9r\u00edt\u00e9s ellen\u00e9ben.<\/p><p><b>Mittagessen <br \/><\/b>Sz\u00e1llod\u00e1nk BOR\u00c1G \u00e9tterm\u00e9ben sz\u0171k\u00edtett \u00e9tlapr\u00f3l v\u00e1logathatnak az \u00ednycsiklandoz\u00f3 fog\u00e1sok k\u00f6z\u00fcl. Az \u00e9tlapunk szezon\u00e1lisan v\u00e1ltozik, nagy figyelmet fektetve a min\u0151s\u00e9gi alapanyagokra. \u00c9teleinket a hagyom\u00e1nyos magyar- illetve a nemzetk\u00f6zi \u00edzek jegy\u00e9ben, modern konyhatechnol\u00f3gi\u00e1val k\u00e9sz\u00edtj\u00fck.<br \/>Zur Mittagszeit sind auch externe G\u00e4ste in unserem Hotel herzlich willkommen; eine vorherige Anmeldung wird empfohlen.<br \/>Mittagessen: 12:00 \u2013 17:00<\/p><p><b>St. Andrea bork\u00f3stol\u00e1s transzferrel a birtokra <br \/><\/b>Bork\u00f3stol\u00e1s \u00e9s pincel\u00e1togat\u00e1s a St. Andrea Birtokon Egerszal\u00f3kon. A program 4 bor k\u00f3stol\u00e1s\u00e1t, pincel\u00e1togat\u00e1st \u00e9s transzfert tartalmaz. A transzfer sz\u00e1llod\u00e1nkb\u00f3l indul \u00e9s ide is \u00e9rkezik vissza.\u00a0<br \/>A program kb. 1,5-2 \u00f3r\u00e1s, sommelier koll\u00e9g\u00e1nk vezet\u00e9s\u00e9vel zajlik.\u00a0<br \/>A program h\u00e9tf\u0151t\u0151l p\u00e9ntekig foglalhat\u00f3, a d\u00e9lel\u0151tti \u00f3r\u00e1kban el\u0151zetes id\u0151pont egyeztet\u00e9ssel.<br \/>D\u00edj: 10.500 Ft\/f\u0151. Az \u00e1r tartalmazza 4 bor k\u00f3stol\u00e1s\u00e1t, a pincel\u00e1togat\u00e1st \u00e9s a transzfert.<\/p><p><b>Edz\u0151terem<br \/><\/b>Sz\u00e1llod\u00e1nk edz\u0151terme k\u00e9zis\u00falyz\u00f3kkal, multifunkci\u00f3s g\u00e9pekkel, er\u0151s\u00edt\u0151 k\u00f6telekkel, fit ball-al felszerelt. Az edz\u0151term\u00fcnkben annak m\u00e9ret\u00e9b\u0151l ad\u00f3d\u00f3an egyid\u0151ben 3 f\u0151 tart\u00f3zkodhat. A teremhaszn\u00e1lat ig\u00e9ny\u00e9t a wellness recepci\u00f3n sz\u00fcks\u00e9ges jelezni \u00e9s szabad hely f\u00fcggv\u00e9ny\u00e9ben tudj\u00e1k haszn\u00e1lni vend\u00e9geink. Az edz\u0151terem t\u00e9r\u00edt\u00e9smentesen haszn\u00e1lhat\u00f3. <br \/>Rendelkez\u00fcnk egy fitnesz szob\u00e1val is, ahol bord\u00e1sfal, fit ball, kis k\u00e9zi s\u00falyok \u00e9s fut\u00f3pad tal\u00e1lhat\u00f3. A fitnesz terem t\u00e9r\u00edt\u00e9smentesen haszn\u00e1lhat\u00f3.<\/p>\t\t\t\t\t\t\t\t<\/div>\n\t\t\t\t<\/div>\n\t\t\t\t<\/div>\n\t\t\t\t<\/div>\n\t\t\t\t<\/div>","protected":false},"excerpt":{"rendered":"<p>\u00c9lm\u00e9nyek \/ Programok Klasszikus bork\u00f3stol\u00f3 Az egri borvid\u00e9k klasszikus boraib\u00f3l v\u00e1logatott 5 t\u00e9teles bork\u00f3stol\u00f3t k\u00edn\u00e1lunk kedves vend\u00e9geink r\u00e9sz\u00e9re, sommelier koll\u00e9g\u00e1nk vezet\u00e9s\u00e9vel.D\u00edj: 5.500 Ft\/f\u0151. Az \u00e1r tartalmazza 5 bor bemutat\u00e1s\u00e1t (0,5 dl t\u00e9telenk\u00e9nt) \u00e9s \u00e1sv\u00e1nyvizet. Superior bork\u00f3stol\u00f3Ismerked\u00e9s az egri borvid\u00e9k vil\u00e1gsz\u00ednvonal\u00fa superior boraival, 5 leny\u0171g\u00f6z\u0151 bor bemutat\u00e1s\u00e1val. A borokat sommelier koll\u00e9g\u00e1nk prezent\u00e1lja sz\u00e1llod\u00e1nk lobby b\u00e1rj\u00e1ban.D\u00edj: 7.500 &#8230; <a title=\"Szobamappa &#8211; 04 &#8211; \u00c9lm\u00e9nyek\" class=\"read-more\" href=\"https:\/\/szolgaltatasok.imolaplatan.hu\/de\/szobamappa-04-elmenyek-programok\/\" aria-label=\"Mehr Informationen \u00fcber Szobamappa &#8211; 04 &#8211; \u00c9lm\u00e9nyek\">Weiterlesen<\/a><\/p>","protected":false},"author":2,"featured_media":0,"parent":0,"menu_order":0,"comment_status":"closed","ping_status":"closed","template":"","meta":{"footnotes":""},"class_list":["post-113","page","type-page","status-publish"],"_links":{"self":[{"href":"https:\/\/szolgaltatasok.imolaplatan.hu\/de\/wp-json\/wp\/v2\/pages\/113","targetHints":{"allow":["GET"]}}],"collection":[{"href":"https:\/\/szolgaltatasok.imolaplatan.hu\/de\/wp-json\/wp\/v2\/pages"}],"about":[{"href":"https:\/\/szolgaltatasok.imolaplatan.hu\/de\/wp-json\/wp\/v2\/types\/page"}],"author":[{"embeddable":true,"href":"https:\/\/szolgaltatasok.imolaplatan.hu\/de\/wp-json\/wp\/v2\/users\/2"}],"replies":[{"embeddable":true,"href":"https:\/\/szolgaltatasok.imolaplatan.hu\/de\/wp-json\/wp\/v2\/comments?post=113"}],"version-history":[{"count":0,"href":"https:\/\/szolgaltatasok.imolaplatan.hu\/de\/wp-json\/wp\/v2\/pages\/113\/revisions"}],"wp:attachment":[{"href":"https:\/\/szolgaltatasok.imolaplatan.hu\/de\/wp-json\/wp\/v2\/media?parent=113"}],"curies":[{"name":"wp","href":"https:\/\/api.w.org\/{rel}","templated":true}]}}